{"id":7777,"date":"2017-03-02T19:26:59","date_gmt":"2017-03-02T19:26:59","guid":{"rendered":"http:\/\/qt.dev\/dev\/thecleaner\/?page_id=7777"},"modified":"2021-12-23T15:02:48","modified_gmt":"2021-12-23T13:02:48","slug":"pyetje","status":"publish","type":"page","link":"https:\/\/albpastrim.al\/en\/pyetje\/","title":{"rendered":"Question"},"content":{"rendered":"<div class=\"wpb-content-wrapper\"><div class=\"vc_row wpb_row vc_row-fluid vckit-row vc_custom_1549035604670 vc_column-gap-10\"><div class=\"wpb_column vc_column_container vc_col-sm-12\"><div class=\"vc_column-inner\"><div class=\"wpb_wrapper\">\n<div class=\"animate-element wpb_animate_when_almost_visible wpb_bottom-to-top bottom-to-top delay-200\">\n\t\n<div class=\"panel-group gap-15 style-1\" id=\"accordion-0\" data-panel=\"accordion-0\">\n\t\n<div class=\"panel\">\n\t<div class=\"panel-heading\">\n\t\t<h5 class=\"panel-title\">\n\t\t\t<a class=\"accordion-toggle\" data-toggle=\"collapse\" data-parent=\"#accordion-0\" href=\"#collapse_0\" aria-expanded=\"true\">\u00c7far\u00eb produktesh pastrimi do t\u00eb p\u00ebrdorni?\t\t\t<\/a>\n\t\t<\/h5>\n\t<\/div>\n\t<div id=\"collapse_0\" class=\"panel-collapse collapse show\" aria-labelledby=\"\u00c7far\u00eb produktesh pastrimi do t\u00eb p\u00ebrdorni?\" data-parent=\"#accordion-0\">\n\t\t<div class=\"panel-body\"><p>Albpastrim siguron t\u00eb gjitha produktet dhe pajisjet e saj t\u00eb pastrimit duke p<span class=\"fontstyle0\">\u00eb<\/span>rdorur produkte ekologjike q<span class=\"fontstyle0\">\u00eb<\/span> nuk e d\u00ebmtojn<span class=\"fontstyle0\">\u00eb<\/span> mjedisin. Kjo do t\u00eb thot\u00eb q\u00eb ju nuk keni pse ta kaloni koh\u00ebn tuaj duke bler\u00eb apo zgjedhur k<span class=\"fontstyle0\">\u00eb<\/span>to produkte. Ne vazhdimisht po b\u00ebjm\u00eb ndryshime p\u00ebr t\u00eb p\u00ebrmir\u00ebsuar mjedisin e pun\u00ebs p\u00ebr punonj\u00ebsit tan\u00eb dhe p\u00ebr t&#8217;u siguruar q\u00eb mund t\u00eb ofrojm\u00eb nj\u00eb sh\u00ebrbim m\u00eb t\u00eb mir\u00eb p\u00ebr klient\u00ebt tan\u00eb.<\/p>\n<\/div>\n\t<\/div>\n<\/div>\n<div class=\"panel\">\n\t<div class=\"panel-heading\">\n\t\t<h5 class=\"panel-title\">\n\t\t\t<a class=\"accordion-toggle\" data-toggle=\"collapse\" data-parent=\"#accordion-0\" href=\"#collapse_1\" aria-expanded=\"false\">A duhet t\u00eb jem n\u00eb sht\u00ebpi kur jeni duke pastruar?\t\t\t<\/a>\n\t\t<\/h5>\n\t<\/div>\n\t<div id=\"collapse_1\" class=\"panel-collapse collapse\" aria-labelledby=\"A duhet t\u00eb jem n\u00eb sht\u00ebpi kur jeni duke pastruar?\" data-parent=\"#accordion-0\">\n\t\t<div class=\"panel-body\"><p class=\"translation-block\">No, as long as you have a way of letting us in when you are not home there is no reason for you to be there. However, if this makes you feel more comfortable, we welcome you to stay and see what we do. All of our cleaning staff are trustworthy and friendly, they have a service schedule, though make sure you give them enough space to do their job.<\/p>\n<\/div>\n\t<\/div>\n<\/div>\n<div class=\"panel\">\n\t<div class=\"panel-heading\">\n\t\t<h5 class=\"panel-title\">\n\t\t\t<a class=\"accordion-toggle\" data-toggle=\"collapse\" data-parent=\"#accordion-0\" href=\"#collapse_2\" aria-expanded=\"false\">Si mund t\u00eb rezervoj ose t\u00eb anulloj\u00eb sh\u00ebrbimin?\t\t\t<\/a>\n\t\t<\/h5>\n\t<\/div>\n\t<div id=\"collapse_2\" class=\"panel-collapse collapse\" aria-labelledby=\"Si mund t\u00eb rezervoj ose t\u00eb anulloj\u00eb sh\u00ebrbimin?\" data-parent=\"#accordion-0\">\n\t\t<div class=\"panel-body\"><p>Ne k\u00ebrkojm\u00eb njoftim prej 48 or\u00ebsh p\u00ebr rezervim ose anullim pas dakort<span class=\"fontstyle0\">\u00eb<\/span>sis<span class=\"fontstyle0\">\u00eb<\/span> s<span class=\"fontstyle0\">\u00eb<\/span> ofert<span class=\"fontstyle0\">\u00eb<\/span>s.<\/p>\n<p>Thank you!<\/p>\n<\/div>\n\t<\/div>\n<\/div>\n<div class=\"panel\">\n\t<div class=\"panel-heading\">\n\t\t<h5 class=\"panel-title\">\n\t\t\t<a class=\"accordion-toggle\" data-toggle=\"collapse\" data-parent=\"#accordion-0\" href=\"#collapse_3\" aria-expanded=\"false\">A ofroni nj\u00eb garanci p\u00ebr sh\u00ebrbimin?\t\t\t<\/a>\n\t\t<\/h5>\n\t<\/div>\n\t<div id=\"collapse_3\" class=\"panel-collapse collapse\" aria-labelledby=\"A ofroni nj\u00eb garanci p\u00ebr sh\u00ebrbimin?\" data-parent=\"#accordion-0\">\n\t\t<div class=\"panel-body\"><p>Biznesi juaj \u00ebsht\u00eb i r\u00ebnd\u00ebsish\u00ebm p\u00ebr ne dhe ne duam t\u00eb sigurohemi q\u00eb ju jeni t\u00eb lumtur dhe plot\u00ebsisht t\u00eb k\u00ebnaqur. N\u00ebse cil\u00ebsia e pun\u00ebs s\u00eb kryer dhe e paguar nuk \u00ebsht\u00eb e k\u00ebnaq\u00ebshme, na kontaktoni brenda 24 or\u00ebve dhe ekipi yn<span class=\"fontstyle0\">\u00eb<\/span> do t<span class=\"fontstyle0\">\u00eb<\/span> vij<span class=\"fontstyle0\">\u00eb<\/span> p<span class=\"fontstyle0\">\u00eb<\/span>r t<span class=\"fontstyle0\">\u00eb<\/span> par<span class=\"fontstyle0\">\u00eb<\/span> ambjentin s<span class=\"fontstyle0\">\u00eb<\/span>rish.<\/p>\n<p>N\u00ebse besoni se kemi b\u00ebr\u00eb nj\u00eb pun\u00eb t\u00eb jasht\u00ebzakonshme, ju lutemi shkruani nj\u00eb p\u00ebrmbledhje p\u00ebr ne n\u00eb nj\u00eb faqe n\u00eb internet q\u00eb t\u00eb tjer\u00ebt t\u00eb mund t\u00eb shohin se \u00e7far\u00eb ofron sh\u00ebrbimi yn\u00eb. Na p\u00eblqen t\u00eb lexojm\u00eb vler\u00ebsimet e klient\u00ebve!<\/p>\n<\/div>\n\t<\/div>\n<\/div>\n<div class=\"panel\">\n\t<div class=\"panel-heading\">\n\t\t<h5 class=\"panel-title\">\n\t\t\t<a class=\"accordion-toggle\" data-toggle=\"collapse\" data-parent=\"#accordion-0\" href=\"#collapse_4\" aria-expanded=\"false\">Si mund t\u00eb paguaj p\u00ebr sh\u00ebrbimet?\t\t\t<\/a>\n\t\t<\/h5>\n\t<\/div>\n\t<div id=\"collapse_4\" class=\"panel-collapse collapse\" aria-labelledby=\"Si mund t\u00eb paguaj p\u00ebr sh\u00ebrbimet?\" data-parent=\"#accordion-0\">\n\t\t<div class=\"panel-body\"><p class=\"translation-block\">You can pay Cash or via an Online Transfer.<\/p>\n<\/div>\n\t<\/div>\n<\/div>\n<div class=\"panel\">\n\t<div class=\"panel-heading\">\n\t\t<h5 class=\"panel-title\">\n\t\t\t<a class=\"accordion-toggle\" data-toggle=\"collapse\" data-parent=\"#accordion-0\" href=\"#collapse_5\" aria-expanded=\"false\">Si llogaritet kostoja p\u00ebr sh\u00ebrbimet?\t\t\t<\/a>\n\t\t<\/h5>\n\t<\/div>\n\t<div id=\"collapse_5\" class=\"panel-collapse collapse\" aria-labelledby=\"Si llogaritet kostoja p\u00ebr sh\u00ebrbimet?\" data-parent=\"#accordion-0\">\n\t\t<div class=\"panel-body\"><p>Ju dhe sht\u00ebpia ose zyra juaj jeni unik dhe nuk jeni t\u00eb detyruar t\u00eb keni t\u00eb nj\u00ebjtin sh\u00ebrbim si gjith\u00eb t\u00eb tjer\u00ebt.<\/p>\n<p>Kostot e sh\u00ebrbimeve tona varen nga madh\u00ebsia e sht\u00ebpis\u00eb tuaj,frekuenca e pastrimeve dhe \u00e7far\u00eb d\u00ebshironi t\u00eb pastroni.<\/p>\n<p>Ne gjithashtu mund t\u00eb shtojm\u00eb sh\u00ebrbime t\u00eb specializuara n\u00eb planin tuaj t\u00eb rregullt t\u00eb pastrimit sipas nevoj\u00ebs, t\u00eb tilla si:<\/p>\n<ul>\n<li>Pastrimi i brendsh\u00ebm i frigoriferit<\/li>\n<li>Pastrimi i brendsh\u00ebm i furr\u00ebs<\/li>\n<li>Mattress cleaning<\/li>\n<li>Carpet cleaning<\/li>\n<li>Cleaning the corner, chairs<\/li>\n<\/ul>\n<p>\n<\/div>\n\t<\/div>\n<\/div>\n<div class=\"panel\">\n\t<div class=\"panel-heading\">\n\t\t<h5 class=\"panel-title\">\n\t\t\t<a class=\"accordion-toggle\" data-toggle=\"collapse\" data-parent=\"#accordion-0\" href=\"#collapse_6\" aria-expanded=\"false\">\u00c7far\u00eb ofron kontrolli i cil\u00ebsis\u00eb?\t\t\t<\/a>\n\t\t<\/h5>\n\t<\/div>\n\t<div id=\"collapse_6\" class=\"panel-collapse collapse\" aria-labelledby=\"\u00c7far\u00eb ofron kontrolli i cil\u00ebsis\u00eb?\" data-parent=\"#accordion-0\">\n\t\t<div class=\"panel-body\"><p class=\"translation-block\">Our quality assured system starts with the high level of training and motivation that all our employees have, followed by the appointment of a trained team supervisor in your home or office who monitors all aspects of cleaning. In addition, it will conduct rigorous on-site inspections. And of course we check with you and welcome all feedback - positive or negative!<\/p>\n<\/div>\n\t<\/div>\n<\/div>\n<div class=\"panel\">\n\t<div class=\"panel-heading\">\n\t\t<h5 class=\"panel-title\">\n\t\t\t<a class=\"accordion-toggle\" data-toggle=\"collapse\" data-parent=\"#accordion-0\" href=\"#collapse_7\" aria-expanded=\"false\">N\u00eb cilat industri operoni?\t\t\t<\/a>\n\t\t<\/h5>\n\t<\/div>\n\t<div id=\"collapse_7\" class=\"panel-collapse collapse\" aria-labelledby=\"N\u00eb cilat industri operoni?\" data-parent=\"#accordion-0\">\n\t\t<div class=\"panel-body\"><p class=\"translation-block\">We offer professional cleaning services in all industries such as: Homes, Residences, Apartments, Health, Universities, Banks, Clinics, Offices, Hospitals, etc.<\/p>\n<\/div>\n\t<\/div>\n<\/div>\n<div class=\"panel\">\n\t<div class=\"panel-heading\">\n\t\t<h5 class=\"panel-title\">\n\t\t\t<a class=\"accordion-toggle\" data-toggle=\"collapse\" data-parent=\"#accordion-0\" href=\"#collapse_8\" aria-expanded=\"false\">Do you offer special cleanings, offers or coupons?\t\t\t<\/a>\n\t\t<\/h5>\n\t<\/div>\n\t<div id=\"collapse_8\" class=\"panel-collapse collapse\" aria-labelledby=\"A ofroni pastrime speciale,oferta apo kupona?\" data-parent=\"#accordion-0\">\n\t\t<div class=\"panel-body\"><p>Po ofrojme! Na kontaktoni q\u00eb t\u00eb mund t&#8217;ju d\u00ebrgojm\u00eb oferta t\u00eb ndryshme apo paketa.<\/p>\n<\/div>\n\t<\/div>\n<\/div><\/div><\/div><\/div><\/div><\/div><\/div><div data-vc-full-width=\"true\" data-vc-full-width-init=\"false\" class=\"vc_row wpb_row vc_row-fluid vckit-row vc_custom_1549035580266 vc_row-has-fill\"><div class=\"wpb_column vc_column_container vc_col-sm-12\"><div class=\"vc_column-inner\"><div class=\"wpb_wrapper\">\n<div class=\"custom-heading text-center  vc_custom_1611678576431\">\n\n\t\t\n\t\t\t<span class=\"sub-title\">Keni ndonj\u00eb pyetje?<\/span>\n\t\n\t<h2 class=\"main-title\">Write to us<\/h2>\n\n\t\t\n\t<\/div>\n<div class=\"wpcf7 no-js\" id=\"wpcf7-f8283-o1\" lang=\"en-US\" dir=\"ltr\" data-wpcf7-id=\"8283\">\n<div class=\"screen-reader-response\"><p role=\"status\" aria-live=\"polite\" aria-atomic=\"true\"><\/p> <ul><\/ul><\/div>\n<form action=\"\/en\/wp-json\/wp\/v2\/pages\/7777#wpcf7-f8283-o1\" method=\"post\" class=\"wpcf7-form init\" aria-label=\"Contact form\" novalidate=\"novalidate\" data-status=\"init\" data-trp-original-action=\"\/en\/wp-json\/wp\/v2\/pages\/7777#wpcf7-f8283-o1\">\n<fieldset class=\"hidden-fields-container\"><input type=\"hidden\" name=\"_wpcf7\" value=\"8283\" \/><input type=\"hidden\" name=\"_wpcf7_version\" value=\"6.1.5\" \/><input type=\"hidden\" name=\"_wpcf7_locale\" value=\"en_US\" \/><input type=\"hidden\" name=\"_wpcf7_unit_tag\" value=\"wpcf7-f8283-o1\" \/><input type=\"hidden\" name=\"_wpcf7_container_post\" value=\"0\" \/><input type=\"hidden\" name=\"_wpcf7_posted_data_hash\" value=\"\" \/>\n<\/fieldset>\n<div class=\"row\">\n\t<div class=\"col-sm-12 col-lg-6\">\n\t\t<p><span class=\"wpcf7-form-control-wrap\" data-name=\"first-name\"><input size=\"40\" maxlength=\"400\" class=\"wpcf7-form-control wpcf7-text wpcf7-validates-as-required\" aria-required=\"true\" aria-invalid=\"false\" placeholder=\"Name Surname\" value=\"\" type=\"text\" name=\"first-name\" \/><\/span>\n\t\t<\/p>\n\t<\/div>\n\t<div class=\"col-sm-12 col-lg-6\">\n\t\t<p><span class=\"wpcf7-form-control-wrap\" data-name=\"your-email\"><input size=\"40\" maxlength=\"400\" class=\"wpcf7-form-control wpcf7-email wpcf7-validates-as-required wpcf7-text wpcf7-validates-as-email\" aria-required=\"true\" aria-invalid=\"false\" placeholder=\"E-mail\" value=\"\" type=\"email\" name=\"your-email\" \/><\/span>\n\t\t<\/p>\n\t<\/div>\n\t<div class=\"col-sm-12 text-center\">\n\t\t<p><span class=\"wpcf7-form-control-wrap\" data-name=\"your-message\"><textarea cols=\"40\" rows=\"10\" maxlength=\"2000\" class=\"wpcf7-form-control wpcf7-textarea wpcf7-validates-as-required\" aria-required=\"true\" aria-invalid=\"false\" placeholder=\"Enter your question ...\" name=\"your-message\"><\/textarea><\/span>\n\t\t<\/p>\n\t\t<p><input class=\"wpcf7-form-control wpcf7-submit has-spinner btn btn-primary\" type=\"submit\" value=\"Send the question\" \/>\n\t\t<\/p>\n\t<\/div>\n<\/div><div class=\"wpcf7-response-output\" aria-hidden=\"true\"><\/div>\n<input type=\"hidden\" name=\"trp-form-language\" value=\"en\"\/><\/form>\n<\/div>\n<\/div><\/div><\/div><\/div><div class=\"vc_row-full-width vc_clearfix\"><\/div>\n<\/div>","protected":false},"excerpt":{"rendered":"\u00c7far\u00eb produktesh pastrimi do t\u00eb p\u00ebrdorni? Albpastrim siguron t\u00eb gjitha produktet dhe pajisjet e saj t\u00eb pastrimit duke p\u00ebrdorur produkte ekologjike q\u00eb nuk e d\u00ebmtojn\u00eb mjedisin. Kjo do t\u00eb thot\u00eb q\u00eb ju nuk keni pse ta kaloni koh\u00ebn tuaj duke bler\u00eb apo zgjedhur k\u00ebto produkte. Ne vazhdimisht po b\u00ebjm\u00eb ndryshime p\u00ebr t\u00eb p\u00ebrmir\u00ebsuar mjedisin e&hellip;","protected":false},"author":3,"featured_media":0,"parent":0,"menu_order":0,"comment_status":"closed","ping_status":"closed","template":"","meta":{"_monsterinsights_skip_tracking":false,"_monsterinsights_sitenote_active":false,"_monsterinsights_sitenote_note":"","_monsterinsights_sitenote_category":0,"footnotes":""},"class_list":["post-7777","page","type-page","status-publish","hentry"],"yoast_head":"<!-- This site is optimized with the Yoast SEO plugin v27.4 - https:\/\/yoast.com\/product\/yoast-seo-wordpress\/ -->\n<title>Pyetje<\/title>\n<meta name=\"robots\" content=\"index, follow, max-snippet:-1, max-image-preview:large, max-video-preview:-1\" \/>\n<link rel=\"canonical\" href=\"https:\/\/albpastrim.al\/en\/pyetje\/\" \/>\n<meta property=\"og:locale\" content=\"en_US\" \/>\n<meta property=\"og:type\" content=\"article\" \/>\n<meta property=\"og:title\" content=\"Pyetje\" \/>\n<meta property=\"og:url\" content=\"https:\/\/albpastrim.al\/en\/pyetje\/\" \/>\n<meta property=\"og:site_name\" content=\"AlbPastrim\" \/>\n<meta property=\"article:publisher\" content=\"https:\/\/www.facebook.com\/Albpastrim\/\" \/>\n<meta property=\"article:modified_time\" content=\"2021-12-23T13:02:48+00:00\" \/>\n<meta name=\"twitter:card\" content=\"summary_large_image\" \/>\n<meta name=\"twitter:label1\" content=\"Est. reading time\" \/>\n\t<meta name=\"twitter:data1\" content=\"3 minutes\" \/>\n<script type=\"application\/ld+json\" class=\"yoast-schema-graph\">{\"@context\":\"https:\\\/\\\/schema.org\",\"@graph\":[{\"@type\":\"WebPage\",\"@id\":\"https:\\\/\\\/albpastrim.al\\\/pyetje\\\/\",\"url\":\"https:\\\/\\\/albpastrim.al\\\/pyetje\\\/\",\"name\":\"Pyetje\",\"isPartOf\":{\"@id\":\"https:\\\/\\\/albpastrim.al\\\/#website\"},\"datePublished\":\"2017-03-02T19:26:59+00:00\",\"dateModified\":\"2021-12-23T13:02:48+00:00\",\"breadcrumb\":{\"@id\":\"https:\\\/\\\/albpastrim.al\\\/pyetje\\\/#breadcrumb\"},\"inLanguage\":\"en-US\",\"potentialAction\":[{\"@type\":\"ReadAction\",\"target\":[\"https:\\\/\\\/albpastrim.al\\\/pyetje\\\/\"]}]},{\"@type\":\"BreadcrumbList\",\"@id\":\"https:\\\/\\\/albpastrim.al\\\/pyetje\\\/#breadcrumb\",\"itemListElement\":[{\"@type\":\"ListItem\",\"position\":1,\"name\":\"Home\",\"item\":\"https:\\\/\\\/albpastrim.al\\\/\"},{\"@type\":\"ListItem\",\"position\":2,\"name\":\"Pyetje\"}]},{\"@type\":\"WebSite\",\"@id\":\"https:\\\/\\\/albpastrim.al\\\/#website\",\"url\":\"https:\\\/\\\/albpastrim.al\\\/\",\"name\":\"AlbPastrim\",\"description\":\"Jeto m\u00eb mir\u00eb\",\"publisher\":{\"@id\":\"https:\\\/\\\/albpastrim.al\\\/#organization\"},\"potentialAction\":[{\"@type\":\"SearchAction\",\"target\":{\"@type\":\"EntryPoint\",\"urlTemplate\":\"https:\\\/\\\/albpastrim.al\\\/?s={search_term_string}\"},\"query-input\":{\"@type\":\"PropertyValueSpecification\",\"valueRequired\":true,\"valueName\":\"search_term_string\"}}],\"inLanguage\":\"en-US\"},{\"@type\":\"Organization\",\"@id\":\"https:\\\/\\\/albpastrim.al\\\/#organization\",\"name\":\"AlbPastrim\",\"url\":\"https:\\\/\\\/albpastrim.al\\\/\",\"logo\":{\"@type\":\"ImageObject\",\"inLanguage\":\"en-US\",\"@id\":\"https:\\\/\\\/albpastrim.al\\\/#\\\/schema\\\/logo\\\/image\\\/\",\"url\":\"https:\\\/\\\/albpastrim.al\\\/wp-content\\\/uploads\\\/2020\\\/11\\\/3.png\",\"contentUrl\":\"https:\\\/\\\/albpastrim.al\\\/wp-content\\\/uploads\\\/2020\\\/11\\\/3.png\",\"width\":212,\"height\":84,\"caption\":\"AlbPastrim\"},\"image\":{\"@id\":\"https:\\\/\\\/albpastrim.al\\\/#\\\/schema\\\/logo\\\/image\\\/\"},\"sameAs\":[\"https:\\\/\\\/www.facebook.com\\\/Albpastrim\\\/\",\"https:\\\/\\\/www.instagram.com\\\/albpastrim\\\/\",\"https:\\\/\\\/al.linkedin.com\\\/company\\\/alb-pastrim\"]}]}<\/script>\n<!-- \/ Yoast SEO plugin. -->","yoast_head_json":{"title":"Question","robots":{"index":"index","follow":"follow","max-snippet":"max-snippet:-1","max-image-preview":"max-image-preview:large","max-video-preview":"max-video-preview:-1"},"canonical":"https:\/\/albpastrim.al\/en\/pyetje\/","og_locale":"en_US","og_type":"article","og_title":"Pyetje","og_url":"https:\/\/albpastrim.al\/en\/pyetje\/","og_site_name":"AlbPastrim","article_publisher":"https:\/\/www.facebook.com\/Albpastrim\/","article_modified_time":"2021-12-23T13:02:48+00:00","twitter_card":"summary_large_image","twitter_misc":{"Est. reading time":"3 minutes"},"schema":{"@context":"https:\/\/schema.org","@graph":[{"@type":"WebPage","@id":"https:\/\/albpastrim.al\/pyetje\/","url":"https:\/\/albpastrim.al\/pyetje\/","name":"Question","isPartOf":{"@id":"https:\/\/albpastrim.al\/#website"},"datePublished":"2017-03-02T19:26:59+00:00","dateModified":"2021-12-23T13:02:48+00:00","breadcrumb":{"@id":"https:\/\/albpastrim.al\/pyetje\/#breadcrumb"},"inLanguage":"en-US","potentialAction":[{"@type":"ReadAction","target":["https:\/\/albpastrim.al\/pyetje\/"]}]},{"@type":"BreadcrumbList","@id":"https:\/\/albpastrim.al\/pyetje\/#breadcrumb","itemListElement":[{"@type":"ListItem","position":1,"name":"Home","item":"https:\/\/albpastrim.al\/"},{"@type":"ListItem","position":2,"name":"Pyetje"}]},{"@type":"WebSite","@id":"https:\/\/albpastrim.al\/#website","url":"https:\/\/albpastrim.al\/","name":"AlbPastrim","description":"Live better","publisher":{"@id":"https:\/\/albpastrim.al\/#organization"},"potentialAction":[{"@type":"SearchAction","target":{"@type":"EntryPoint","urlTemplate":"https:\/\/albpastrim.al\/?s={search_term_string}"},"query-input":{"@type":"PropertyValueSpecification","valueRequired":true,"valueName":"search_term_string"}}],"inLanguage":"en-US"},{"@type":"Organization","@id":"https:\/\/albpastrim.al\/#organization","name":"AlbPastrim","url":"https:\/\/albpastrim.al\/","logo":{"@type":"ImageObject","inLanguage":"en-US","@id":"https:\/\/albpastrim.al\/#\/schema\/logo\/image\/","url":"https:\/\/albpastrim.al\/wp-content\/uploads\/2020\/11\/3.png","contentUrl":"https:\/\/albpastrim.al\/wp-content\/uploads\/2020\/11\/3.png","width":212,"height":84,"caption":"AlbPastrim"},"image":{"@id":"https:\/\/albpastrim.al\/#\/schema\/logo\/image\/"},"sameAs":["https:\/\/www.facebook.com\/Albpastrim\/","https:\/\/www.instagram.com\/albpastrim\/","https:\/\/al.linkedin.com\/company\/alb-pastrim"]}]}},"_links":{"self":[{"href":"https:\/\/albpastrim.al\/en\/wp-json\/wp\/v2\/pages\/7777","targetHints":{"allow":["GET"]}}],"collection":[{"href":"https:\/\/albpastrim.al\/en\/wp-json\/wp\/v2\/pages"}],"about":[{"href":"https:\/\/albpastrim.al\/en\/wp-json\/wp\/v2\/types\/page"}],"author":[{"embeddable":true,"href":"https:\/\/albpastrim.al\/en\/wp-json\/wp\/v2\/users\/3"}],"replies":[{"embeddable":true,"href":"https:\/\/albpastrim.al\/en\/wp-json\/wp\/v2\/comments?post=7777"}],"version-history":[{"count":0,"href":"https:\/\/albpastrim.al\/en\/wp-json\/wp\/v2\/pages\/7777\/revisions"}],"wp:attachment":[{"href":"https:\/\/albpastrim.al\/en\/wp-json\/wp\/v2\/media?parent=7777"}],"curies":[{"name":"wp","href":"https:\/\/api.w.org\/{rel}","templated":true}]}}