{"id":18,"date":"2016-02-25T17:17:53","date_gmt":"2016-02-25T16:17:53","guid":{"rendered":"http:\/\/qt.dev\/dev\/new\/?page_id=18"},"modified":"2021-12-27T15:09:19","modified_gmt":"2021-12-27T13:09:19","slug":"prokurime","status":"publish","type":"page","link":"https:\/\/albpastrim.al\/en\/prokurime\/","title":{"rendered":"Procurement"},"content":{"rendered":"<p class=\"has-text-align-center\"><strong>FTES\u00cb P\u00cbR OFERT\u00cb<\/strong><\/p>\r\n\r\n\r\n\r\n<p><strong><em>Lloji I Procedur\u00ebs: \u201cBlerje Uniforma p\u00ebr nevojat e Shoq\u00ebris\u00eb\u201d<\/em><\/strong><\/p>\r\n\r\n\r\n\r\n<h5 class=\"wp-block-heading\">Albgroup operon n\u00eb Shqip\u00ebri q\u00eb nga viti 2011, me startimin e Albpastrim dhe m\u00eb tej me kompanit\u00eb p\u00ebrb\u00ebr\u00ebse si m\u00eb posht\u00eb:<\/h5>\r\n\r\n\r\n\r\n<ul class=\"wp-block-list\">\r\n<li><strong>Albpastrim <\/strong>&#8211; Sh\u00ebrbime pastrime gjenerale, Mir\u00ebmbajtje mujore, Pastrime fasade, Sh\u00ebrbime 3D dhe Anti-Covid.<\/li>\r\n<li><strong>Albsolution <\/strong>&#8211; Distribucion i produkteve dhe materialeve Higjeno-Sanitare.<\/li>\r\n<li><strong>Albacademy<\/strong>&#8211; Konsulenca, Kurse online &amp; offline ,trajnime p\u00ebr individ\u00eb dhe biznese.<\/li>\r\n<li><strong>Direct Booker<\/strong>-Nj\u00eb agjenci udh\u00ebtimi n\u00eb rritje t\u00eb shpejt\u00eb q\u00eb ofron sh\u00ebrbime n\u00eb menaxhimin e akomodimeve private n\u00eb turiz\u00ebm, si dhe ofron teknologji p\u00ebr qiradh\u00ebn\u00ebsit e akomodimeve private.<\/li>\r\n<\/ul>\r\n\r\n\r\n\r\n<p><strong>K\u00ebrkesa dhe Q\u00ebllimi:<\/strong><\/p>\r\n\r\n\r\n\r\n<h5 class=\"wp-block-heading\">Albgroup k\u00ebrkon nga kompani te specializuara kontraktimin p\u00ebr sherbimin e ofrimit t\u00eb prodhimit t\u00eb uniformave me logo (design t\u00eb s\u00eb cilave jan\u00eb t\u00eb p\u00ebrfunduara) p\u00ebr sh\u00ebrbimet q\u00eb kompania ofron n\u00eb objektet perkat\u00ebse si me posht\u00eb:<\/h5>\r\n\r\n\r\n\r\n<ul class=\"wp-block-list\">\r\n<li>Uniforma &#8211; General<\/li>\r\n<li>Uniforma &#8211; Banka<\/li>\r\n<li>Uniforma \u2013 Hotel<\/li>\r\n<li>Uniforma \u2013 Spital<\/li>\r\n<li>Uniforma \u2013 Kotrollor<\/li>\r\n<li>Uniforma \u2013 Supervizor<\/li>\r\n<\/ul>\r\n\r\n\r\n\r\n<h5 class=\"wp-block-heading\">Proceduara dhe veprimtaria kryesore t\u00eb k\u00ebrkuara konsiston n\u00eb prodhimin e uniformave p\u00ebr secil\u00ebn veprimtari p\u00ebr nevojat e shoq\u00ebris\u00eb si m\u00eb lart\u00eb cituar.<\/h5>\r\n\r\n\r\n\r\n<p><strong>M\u00eb posht\u00eb do t\u00eb gjeni dhe dokumentin e plot\u00eb:<\/strong><\/p>\r\n\r\n\r\n\r\n<div class=\"wp-block-file\"><a href=\"https:\/\/albpastrim.al\/wp-content\/uploads\/2021\/06\/ftese-prokurimi.pdf\">ftese-prokurimi<\/a><a class=\"wp-block-file__button\" href=\"https:\/\/albpastrim.al\/wp-content\/uploads\/2021\/06\/ftese-prokurimi.pdf\" download=\"\">Download<\/a><\/div>","protected":false},"excerpt":{"rendered":"<p>FTES\u00cb P\u00cbR OFERT\u00cb Lloji I Procedur\u00ebs: \u201cBlerje Uniforma p\u00ebr nevojat e Shoq\u00ebris\u00eb\u201d Albgroup operon n\u00eb Shqip\u00ebri q\u00eb nga viti 2011, me startimin e Albpastrim dhe m\u00eb tej me kompanit\u00eb p\u00ebrb\u00ebr\u00ebse si m\u00eb posht\u00eb: Albpastrim &#8211; Sh\u00ebrbime pastrime gjenerale, Mir\u00ebmbajtje mujore, Pastrime fasade, Sh\u00ebrbime 3D dhe Anti-Covid. Albsolution &#8211; Distribucion i produkteve dhe materialeve Higjeno-Sanitare. Albacademy&#8211;&hellip;<\/p>","protected":false},"author":3,"featured_media":0,"parent":0,"menu_order":0,"comment_status":"closed","ping_status":"closed","template":"","meta":{"nf_dc_page":"","_monsterinsights_skip_tracking":false,"_monsterinsights_sitenote_active":false,"_monsterinsights_sitenote_note":"","_monsterinsights_sitenote_category":0,"footnotes":""},"class_list":["post-18","page","type-page","status-publish","hentry"],"yoast_head":"<!-- This site is optimized with the Yoast SEO plugin v27.4 - https:\/\/yoast.com\/product\/yoast-seo-wordpress\/ -->\n<title>Prokurime<\/title>\n<meta name=\"description\" content=\"Albgroup operon n\u00eb Shqip\u00ebri q\u00eb nga viti 2011, me startimin e Albpastrim dhe m\u00eb tej me kompanit\u00eb p\u00ebrb\u00ebr\u00ebse si m\u00eb posht\u00eb:\" \/>\n<meta name=\"robots\" content=\"index, follow, max-snippet:-1, max-image-preview:large, max-video-preview:-1\" \/>\n<link rel=\"canonical\" href=\"https:\/\/albpastrim.al\/en\/prokurime\/\" \/>\n<meta property=\"og:locale\" content=\"en_US\" \/>\n<meta property=\"og:type\" content=\"article\" \/>\n<meta property=\"og:title\" content=\"Prokurime\" \/>\n<meta property=\"og:description\" content=\"Albgroup operon n\u00eb Shqip\u00ebri q\u00eb nga viti 2011, me startimin e Albpastrim dhe m\u00eb tej me kompanit\u00eb p\u00ebrb\u00ebr\u00ebse si m\u00eb posht\u00eb:\" \/>\n<meta property=\"og:url\" content=\"https:\/\/albpastrim.al\/en\/prokurime\/\" \/>\n<meta property=\"og:site_name\" content=\"AlbPastrim\" \/>\n<meta property=\"article:publisher\" content=\"https:\/\/www.facebook.com\/Albpastrim\/\" \/>\n<meta property=\"article:modified_time\" content=\"2021-12-27T13:09:19+00:00\" \/>\n<meta name=\"twitter:card\" content=\"summary_large_image\" \/>\n<meta name=\"twitter:label1\" content=\"Est. reading time\" \/>\n\t<meta name=\"twitter:data1\" content=\"1 minute\" \/>\n<script type=\"application\/ld+json\" class=\"yoast-schema-graph\">{\"@context\":\"https:\\\/\\\/schema.org\",\"@graph\":[{\"@type\":\"WebPage\",\"@id\":\"https:\\\/\\\/albpastrim.al\\\/prokurime\\\/\",\"url\":\"https:\\\/\\\/albpastrim.al\\\/prokurime\\\/\",\"name\":\"Prokurime\",\"isPartOf\":{\"@id\":\"https:\\\/\\\/albpastrim.al\\\/#website\"},\"datePublished\":\"2016-02-25T16:17:53+00:00\",\"dateModified\":\"2021-12-27T13:09:19+00:00\",\"description\":\"Albgroup operon n\u00eb Shqip\u00ebri q\u00eb nga viti 2011, me startimin e Albpastrim dhe m\u00eb tej me kompanit\u00eb p\u00ebrb\u00ebr\u00ebse si m\u00eb posht\u00eb:\",\"breadcrumb\":{\"@id\":\"https:\\\/\\\/albpastrim.al\\\/prokurime\\\/#breadcrumb\"},\"inLanguage\":\"en-US\",\"potentialAction\":[{\"@type\":\"ReadAction\",\"target\":[\"https:\\\/\\\/albpastrim.al\\\/prokurime\\\/\"]}]},{\"@type\":\"BreadcrumbList\",\"@id\":\"https:\\\/\\\/albpastrim.al\\\/prokurime\\\/#breadcrumb\",\"itemListElement\":[{\"@type\":\"ListItem\",\"position\":1,\"name\":\"Home\",\"item\":\"https:\\\/\\\/albpastrim.al\\\/\"},{\"@type\":\"ListItem\",\"position\":2,\"name\":\"Prokurime\"}]},{\"@type\":\"WebSite\",\"@id\":\"https:\\\/\\\/albpastrim.al\\\/#website\",\"url\":\"https:\\\/\\\/albpastrim.al\\\/\",\"name\":\"AlbPastrim\",\"description\":\"Jeto m\u00eb mir\u00eb\",\"publisher\":{\"@id\":\"https:\\\/\\\/albpastrim.al\\\/#organization\"},\"potentialAction\":[{\"@type\":\"SearchAction\",\"target\":{\"@type\":\"EntryPoint\",\"urlTemplate\":\"https:\\\/\\\/albpastrim.al\\\/?s={search_term_string}\"},\"query-input\":{\"@type\":\"PropertyValueSpecification\",\"valueRequired\":true,\"valueName\":\"search_term_string\"}}],\"inLanguage\":\"en-US\"},{\"@type\":\"Organization\",\"@id\":\"https:\\\/\\\/albpastrim.al\\\/#organization\",\"name\":\"AlbPastrim\",\"url\":\"https:\\\/\\\/albpastrim.al\\\/\",\"logo\":{\"@type\":\"ImageObject\",\"inLanguage\":\"en-US\",\"@id\":\"https:\\\/\\\/albpastrim.al\\\/#\\\/schema\\\/logo\\\/image\\\/\",\"url\":\"https:\\\/\\\/albpastrim.al\\\/wp-content\\\/uploads\\\/2020\\\/11\\\/3.png\",\"contentUrl\":\"https:\\\/\\\/albpastrim.al\\\/wp-content\\\/uploads\\\/2020\\\/11\\\/3.png\",\"width\":212,\"height\":84,\"caption\":\"AlbPastrim\"},\"image\":{\"@id\":\"https:\\\/\\\/albpastrim.al\\\/#\\\/schema\\\/logo\\\/image\\\/\"},\"sameAs\":[\"https:\\\/\\\/www.facebook.com\\\/Albpastrim\\\/\",\"https:\\\/\\\/www.instagram.com\\\/albpastrim\\\/\",\"https:\\\/\\\/al.linkedin.com\\\/company\\\/alb-pastrim\"]}]}<\/script>\n<!-- \/ Yoast SEO plugin. -->","yoast_head_json":{"title":"Procurement","description":"Albgroup operon n\u00eb Shqip\u00ebri q\u00eb nga viti 2011, me startimin e Albpastrim dhe m\u00eb tej me kompanit\u00eb p\u00ebrb\u00ebr\u00ebse si m\u00eb posht\u00eb:","robots":{"index":"index","follow":"follow","max-snippet":"max-snippet:-1","max-image-preview":"max-image-preview:large","max-video-preview":"max-video-preview:-1"},"canonical":"https:\/\/albpastrim.al\/en\/prokurime\/","og_locale":"en_US","og_type":"article","og_title":"Prokurime","og_description":"Albgroup operon n\u00eb Shqip\u00ebri q\u00eb nga viti 2011, me startimin e Albpastrim dhe m\u00eb tej me kompanit\u00eb p\u00ebrb\u00ebr\u00ebse si m\u00eb posht\u00eb:","og_url":"https:\/\/albpastrim.al\/en\/prokurime\/","og_site_name":"AlbPastrim","article_publisher":"https:\/\/www.facebook.com\/Albpastrim\/","article_modified_time":"2021-12-27T13:09:19+00:00","twitter_card":"summary_large_image","twitter_misc":{"Est. reading time":"1 minute"},"schema":{"@context":"https:\/\/schema.org","@graph":[{"@type":"WebPage","@id":"https:\/\/albpastrim.al\/prokurime\/","url":"https:\/\/albpastrim.al\/prokurime\/","name":"Procurement","isPartOf":{"@id":"https:\/\/albpastrim.al\/#website"},"datePublished":"2016-02-25T16:17:53+00:00","dateModified":"2021-12-27T13:09:19+00:00","description":"Albgroup operon n\u00eb Shqip\u00ebri q\u00eb nga viti 2011, me startimin e Albpastrim dhe m\u00eb tej me kompanit\u00eb p\u00ebrb\u00ebr\u00ebse si m\u00eb posht\u00eb:","breadcrumb":{"@id":"https:\/\/albpastrim.al\/prokurime\/#breadcrumb"},"inLanguage":"en-US","potentialAction":[{"@type":"ReadAction","target":["https:\/\/albpastrim.al\/prokurime\/"]}]},{"@type":"BreadcrumbList","@id":"https:\/\/albpastrim.al\/prokurime\/#breadcrumb","itemListElement":[{"@type":"ListItem","position":1,"name":"Home","item":"https:\/\/albpastrim.al\/"},{"@type":"ListItem","position":2,"name":"Prokurime"}]},{"@type":"WebSite","@id":"https:\/\/albpastrim.al\/#website","url":"https:\/\/albpastrim.al\/","name":"AlbPastrim","description":"Live better","publisher":{"@id":"https:\/\/albpastrim.al\/#organization"},"potentialAction":[{"@type":"SearchAction","target":{"@type":"EntryPoint","urlTemplate":"https:\/\/albpastrim.al\/?s={search_term_string}"},"query-input":{"@type":"PropertyValueSpecification","valueRequired":true,"valueName":"search_term_string"}}],"inLanguage":"en-US"},{"@type":"Organization","@id":"https:\/\/albpastrim.al\/#organization","name":"AlbPastrim","url":"https:\/\/albpastrim.al\/","logo":{"@type":"ImageObject","inLanguage":"en-US","@id":"https:\/\/albpastrim.al\/#\/schema\/logo\/image\/","url":"https:\/\/albpastrim.al\/wp-content\/uploads\/2020\/11\/3.png","contentUrl":"https:\/\/albpastrim.al\/wp-content\/uploads\/2020\/11\/3.png","width":212,"height":84,"caption":"AlbPastrim"},"image":{"@id":"https:\/\/albpastrim.al\/#\/schema\/logo\/image\/"},"sameAs":["https:\/\/www.facebook.com\/Albpastrim\/","https:\/\/www.instagram.com\/albpastrim\/","https:\/\/al.linkedin.com\/company\/alb-pastrim"]}]}},"_links":{"self":[{"href":"https:\/\/albpastrim.al\/en\/wp-json\/wp\/v2\/pages\/18","targetHints":{"allow":["GET"]}}],"collection":[{"href":"https:\/\/albpastrim.al\/en\/wp-json\/wp\/v2\/pages"}],"about":[{"href":"https:\/\/albpastrim.al\/en\/wp-json\/wp\/v2\/types\/page"}],"author":[{"embeddable":true,"href":"https:\/\/albpastrim.al\/en\/wp-json\/wp\/v2\/users\/3"}],"replies":[{"embeddable":true,"href":"https:\/\/albpastrim.al\/en\/wp-json\/wp\/v2\/comments?post=18"}],"version-history":[{"count":0,"href":"https:\/\/albpastrim.al\/en\/wp-json\/wp\/v2\/pages\/18\/revisions"}],"wp:attachment":[{"href":"https:\/\/albpastrim.al\/en\/wp-json\/wp\/v2\/media?parent=18"}],"curies":[{"name":"wp","href":"https:\/\/api.w.org\/{rel}","templated":true}]}}