{"id":10044,"date":"2017-09-14T13:22:48","date_gmt":"2017-09-14T13:22:48","guid":{"rendered":"http:\/\/qt.dev\/dev\/thecleaner\/?page_id=10044"},"modified":"2021-12-23T15:02:04","modified_gmt":"2021-12-23T13:02:04","slug":"rezervo-nje-pastrim","status":"publish","type":"page","link":"https:\/\/albpastrim.al\/en\/rezervo-nje-pastrim\/","title":{"rendered":"Rezervo Nj\u00eb Pastrim"},"content":{"rendered":"<div class=\"wpb-content-wrapper\"><div class=\"vc_row wpb_row vc_row-fluid vckit-row\"><div class=\"wpb_column vc_column_container vc_col-sm-12\"><div class=\"vc_column-inner\"><div class=\"wpb_wrapper\">\n<div class=\"wpcf7 no-js\" id=\"wpcf7-f12901-o1\" lang=\"en-US\" dir=\"ltr\" data-wpcf7-id=\"12901\">\n<div class=\"screen-reader-response\"><p role=\"status\" aria-live=\"polite\" aria-atomic=\"true\"><\/p> <ul><\/ul><\/div>\n<form action=\"\/en\/wp-json\/wp\/v2\/pages\/10044#wpcf7-f12901-o1\" method=\"post\" class=\"wpcf7-form init\" aria-label=\"Contact form\" novalidate=\"novalidate\" data-status=\"init\" data-trp-original-action=\"\/en\/wp-json\/wp\/v2\/pages\/10044#wpcf7-f12901-o1\">\n<fieldset class=\"hidden-fields-container\"><input type=\"hidden\" name=\"_wpcf7\" value=\"12901\" \/><input type=\"hidden\" name=\"_wpcf7_version\" value=\"6.1.5\" \/><input type=\"hidden\" name=\"_wpcf7_locale\" value=\"en_US\" \/><input type=\"hidden\" name=\"_wpcf7_unit_tag\" value=\"wpcf7-f12901-o1\" \/><input type=\"hidden\" name=\"_wpcf7_container_post\" value=\"0\" \/><input type=\"hidden\" name=\"_wpcf7_posted_data_hash\" value=\"\" \/>\n<\/fieldset>\n<div class=\"row\">\n\t<div class=\"col-sm-12 col-lg-6\">\n\t\t<p> Name Surname<span class=\"wpcf7-form-control-wrap\" data-name=\"emri\"><input size=\"40\" maxlength=\"400\" class=\"wpcf7-form-control wpcf7-text wpcf7-validates-as-required\" aria-required=\"true\" aria-invalid=\"false\" placeholder=\"Name Surname\" value=\"\" type=\"text\" name=\"emri\" \/><\/span>\n\t\t<\/p>\n\t<\/div>\n\t<div class=\"col-sm-12 col-lg-6\">\n\t\t<p> Address<span class=\"wpcf7-form-control-wrap\" data-name=\"adresa\"><input size=\"40\" maxlength=\"400\" class=\"wpcf7-form-control wpcf7-text wpcf7-validates-as-required\" aria-required=\"true\" aria-invalid=\"false\" placeholder=\"Address\" value=\"\" type=\"text\" name=\"adresa\" \/><\/span>\n\t\t<\/p>\n\t<\/div>\n\t<div class=\"col-sm-12 col-lg-6\">\n\t\t<p> E-mail<span class=\"wpcf7-form-control-wrap\" data-name=\"e-mail\"><input size=\"40\" maxlength=\"400\" class=\"wpcf7-form-control wpcf7-email wpcf7-validates-as-required wpcf7-text wpcf7-validates-as-email\" aria-required=\"true\" aria-invalid=\"false\" placeholder=\"E-mail\" value=\"\" type=\"email\" name=\"e-mail\" \/><\/span>\n\t\t<\/p>\n\t<\/div>\n\t<div class=\"col-sm-12 col-lg-6\">\n\t\t<p>Phone Number<span class=\"wpcf7-form-control-wrap\" data-name=\"your-phone\"><input size=\"40\" maxlength=\"400\" class=\"wpcf7-form-control wpcf7-tel wpcf7-validates-as-required wpcf7-text wpcf7-validates-as-tel\" aria-required=\"true\" aria-invalid=\"false\" placeholder=\"+355\" value=\"\" type=\"tel\" name=\"your-phone\" \/><\/span>\n\t\t<\/p>\n\t<\/div>\n\t<div class=\"col-sm-12 col-lg-6\">\n\t\t<p> Met\u00ebr Katror * <span class=\"wpcf7-form-control-wrap\" data-name=\"square-footage\"><input size=\"40\" maxlength=\"400\" class=\"wpcf7-form-control wpcf7-text wpcf7-validates-as-required\" aria-required=\"true\" aria-invalid=\"false\" placeholder=\"m2\" value=\"\" type=\"text\" name=\"square-footage\" \/><\/span>\n\t\t<\/p>\n\t<\/div>\n\t<div class=\"col-sm-12 col-lg-6\">\n\t\t<p> Shpesht\u00ebsia e Sh\u00ebrbimit * <span class=\"wpcf7-form-control-wrap\" data-name=\"frequency\"><select class=\"wpcf7-form-control wpcf7-select wpcf7-validates-as-required\" aria-required=\"true\" aria-invalid=\"false\" name=\"frequency\"><option value=\"-\">-<\/option><option value=\"Nj\u00eb her\u00eb\">Nj\u00eb her\u00eb<\/option><option value=\"E P\u00ebrditshme\">E P\u00ebrditshme<\/option><option value=\"Javore\">Javore<\/option><option value=\"\u00c7do Fundjav\u00eb\">\u00c7do Fundjav\u00eb<\/option><option value=\"Mujore\">Mujore<\/option><option value=\"Tjeter\">Tjeter<\/option><\/select><\/span>\n\t\t<\/p>\n\t<\/div>\n\t<div class=\"col-sm-12 col-lg-6\">\n\t\t<p>Select the Service Type\n\t\t<\/p>\n\t\t<p><span class=\"wpcf7-form-control-wrap\" data-name=\"services\"><span class=\"wpcf7-form-control wpcf7-checkbox\"><span class=\"wpcf7-list-item first\"><label><input type=\"checkbox\" name=\"services[]\" value=\"Sherbime D.D.D\" \/><span class=\"wpcf7-list-item-label\">D.D.D Services<\/span><\/label><\/span><span class=\"wpcf7-list-item\"><label><input type=\"checkbox\" name=\"services[]\" value=\"Sherbime Higjenizimi\" \/><span class=\"wpcf7-list-item-label\">Hygiene Services<\/span><\/label><\/span><span class=\"wpcf7-list-item\"><label><input type=\"checkbox\" name=\"services[]\" value=\"Sherbime Per Individ\" \/><span class=\"wpcf7-list-item-label\">Services For Individual<\/span><\/label><\/span><span class=\"wpcf7-list-item last\"><label><input type=\"checkbox\" name=\"services[]\" value=\"Mirembajtje Mujore\" \/><span class=\"wpcf7-list-item-label\">Monthly Maintenance<\/span><\/label><\/span><\/span><\/span>\n\t\t<\/p>\n\t<\/div>\n\t<div class=\"col-sm-12 col-lg-6\">\n\t\t<p>Informacion t\u00eb tjera<span class=\"wpcf7-form-control-wrap\" data-name=\"extra-message\"><textarea cols=\"40\" rows=\"10\" maxlength=\"2000\" class=\"wpcf7-form-control wpcf7-textarea\" aria-invalid=\"false\" placeholder=\"Enter your message ...\" name=\"extra-message\"><\/textarea><\/span><input class=\"wpcf7-form-control wpcf7-submit has-spinner btn btn-primary\" type=\"submit\" value=\"Book\" \/>\n\t\t<\/p>\n\t<\/div>\n<\/div><div class=\"wpcf7-response-output\" aria-hidden=\"true\"><\/div>\n<input type=\"hidden\" name=\"trp-form-language\" value=\"en\"\/><\/form>\n<\/div>\n<\/div><\/div><\/div><\/div>\n<\/div>","protected":false},"excerpt":{"rendered":"Emri Mbiemri * Adresa * E-mail * Nr.Cel* Met\u00ebr Katror * Shpesht\u00ebsia e Sh\u00ebrbimit * -Nj\u00eb her\u00ebE P\u00ebrditshmeJavore\u00c7do Fundjav\u00ebMujoreTjeter Zgjidhni Llojin e Sherbimit Sherbime D.D.DSherbime HigjenizimiSherbime Per IndividMirembajtje Mujore Informacion t\u00eb tjera","protected":false},"author":3,"featured_media":0,"parent":0,"menu_order":0,"comment_status":"closed","ping_status":"closed","template":"","meta":{"_monsterinsights_skip_tracking":false,"_monsterinsights_sitenote_active":false,"_monsterinsights_sitenote_note":"","_monsterinsights_sitenote_category":0,"footnotes":""},"class_list":["post-10044","page","type-page","status-publish","hentry"],"yoast_head":"<!-- This site is optimized with the Yoast SEO plugin v27.4 - https:\/\/yoast.com\/product\/yoast-seo-wordpress\/ -->\n<title>Rezervo Nj\u00eb Pastrim<\/title>\n<meta name=\"robots\" content=\"index, follow, max-snippet:-1, max-image-preview:large, max-video-preview:-1\" \/>\n<link rel=\"canonical\" href=\"https:\/\/albpastrim.al\/en\/rezervo-nje-pastrim\/\" \/>\n<meta property=\"og:locale\" content=\"en_US\" \/>\n<meta property=\"og:type\" content=\"article\" \/>\n<meta property=\"og:title\" content=\"Rezervo Nj\u00eb Pastrim\" \/>\n<meta property=\"og:url\" content=\"https:\/\/albpastrim.al\/en\/rezervo-nje-pastrim\/\" \/>\n<meta property=\"og:site_name\" content=\"AlbPastrim\" \/>\n<meta property=\"article:publisher\" content=\"https:\/\/www.facebook.com\/Albpastrim\/\" \/>\n<meta property=\"article:modified_time\" content=\"2021-12-23T13:02:04+00:00\" \/>\n<meta name=\"twitter:card\" content=\"summary_large_image\" \/>\n<script type=\"application\/ld+json\" class=\"yoast-schema-graph\">{\"@context\":\"https:\\\/\\\/schema.org\",\"@graph\":[{\"@type\":\"WebPage\",\"@id\":\"https:\\\/\\\/albpastrim.al\\\/rezervo-nje-pastrim\\\/\",\"url\":\"https:\\\/\\\/albpastrim.al\\\/rezervo-nje-pastrim\\\/\",\"name\":\"Rezervo Nj\u00eb Pastrim\",\"isPartOf\":{\"@id\":\"https:\\\/\\\/albpastrim.al\\\/#website\"},\"datePublished\":\"2017-09-14T13:22:48+00:00\",\"dateModified\":\"2021-12-23T13:02:04+00:00\",\"breadcrumb\":{\"@id\":\"https:\\\/\\\/albpastrim.al\\\/rezervo-nje-pastrim\\\/#breadcrumb\"},\"inLanguage\":\"en-US\",\"potentialAction\":[{\"@type\":\"ReadAction\",\"target\":[\"https:\\\/\\\/albpastrim.al\\\/rezervo-nje-pastrim\\\/\"]}]},{\"@type\":\"BreadcrumbList\",\"@id\":\"https:\\\/\\\/albpastrim.al\\\/rezervo-nje-pastrim\\\/#breadcrumb\",\"itemListElement\":[{\"@type\":\"ListItem\",\"position\":1,\"name\":\"Home\",\"item\":\"https:\\\/\\\/albpastrim.al\\\/\"},{\"@type\":\"ListItem\",\"position\":2,\"name\":\"Rezervo Nj\u00eb Pastrim\"}]},{\"@type\":\"WebSite\",\"@id\":\"https:\\\/\\\/albpastrim.al\\\/#website\",\"url\":\"https:\\\/\\\/albpastrim.al\\\/\",\"name\":\"AlbPastrim\",\"description\":\"Jeto m\u00eb mir\u00eb\",\"publisher\":{\"@id\":\"https:\\\/\\\/albpastrim.al\\\/#organization\"},\"potentialAction\":[{\"@type\":\"SearchAction\",\"target\":{\"@type\":\"EntryPoint\",\"urlTemplate\":\"https:\\\/\\\/albpastrim.al\\\/?s={search_term_string}\"},\"query-input\":{\"@type\":\"PropertyValueSpecification\",\"valueRequired\":true,\"valueName\":\"search_term_string\"}}],\"inLanguage\":\"en-US\"},{\"@type\":\"Organization\",\"@id\":\"https:\\\/\\\/albpastrim.al\\\/#organization\",\"name\":\"AlbPastrim\",\"url\":\"https:\\\/\\\/albpastrim.al\\\/\",\"logo\":{\"@type\":\"ImageObject\",\"inLanguage\":\"en-US\",\"@id\":\"https:\\\/\\\/albpastrim.al\\\/#\\\/schema\\\/logo\\\/image\\\/\",\"url\":\"https:\\\/\\\/albpastrim.al\\\/wp-content\\\/uploads\\\/2020\\\/11\\\/3.png\",\"contentUrl\":\"https:\\\/\\\/albpastrim.al\\\/wp-content\\\/uploads\\\/2020\\\/11\\\/3.png\",\"width\":212,\"height\":84,\"caption\":\"AlbPastrim\"},\"image\":{\"@id\":\"https:\\\/\\\/albpastrim.al\\\/#\\\/schema\\\/logo\\\/image\\\/\"},\"sameAs\":[\"https:\\\/\\\/www.facebook.com\\\/Albpastrim\\\/\",\"https:\\\/\\\/www.instagram.com\\\/albpastrim\\\/\",\"https:\\\/\\\/al.linkedin.com\\\/company\\\/alb-pastrim\"]}]}<\/script>\n<!-- \/ Yoast SEO plugin. -->","yoast_head_json":{"title":"Rezervo Nj\u00eb Pastrim","robots":{"index":"index","follow":"follow","max-snippet":"max-snippet:-1","max-image-preview":"max-image-preview:large","max-video-preview":"max-video-preview:-1"},"canonical":"https:\/\/albpastrim.al\/en\/rezervo-nje-pastrim\/","og_locale":"en_US","og_type":"article","og_title":"Rezervo Nj\u00eb Pastrim","og_url":"https:\/\/albpastrim.al\/en\/rezervo-nje-pastrim\/","og_site_name":"AlbPastrim","article_publisher":"https:\/\/www.facebook.com\/Albpastrim\/","article_modified_time":"2021-12-23T13:02:04+00:00","twitter_card":"summary_large_image","schema":{"@context":"https:\/\/schema.org","@graph":[{"@type":"WebPage","@id":"https:\/\/albpastrim.al\/rezervo-nje-pastrim\/","url":"https:\/\/albpastrim.al\/rezervo-nje-pastrim\/","name":"Rezervo Nj\u00eb Pastrim","isPartOf":{"@id":"https:\/\/albpastrim.al\/#website"},"datePublished":"2017-09-14T13:22:48+00:00","dateModified":"2021-12-23T13:02:04+00:00","breadcrumb":{"@id":"https:\/\/albpastrim.al\/rezervo-nje-pastrim\/#breadcrumb"},"inLanguage":"en-US","potentialAction":[{"@type":"ReadAction","target":["https:\/\/albpastrim.al\/rezervo-nje-pastrim\/"]}]},{"@type":"BreadcrumbList","@id":"https:\/\/albpastrim.al\/rezervo-nje-pastrim\/#breadcrumb","itemListElement":[{"@type":"ListItem","position":1,"name":"Home","item":"https:\/\/albpastrim.al\/"},{"@type":"ListItem","position":2,"name":"Rezervo Nj\u00eb Pastrim"}]},{"@type":"WebSite","@id":"https:\/\/albpastrim.al\/#website","url":"https:\/\/albpastrim.al\/","name":"AlbPastrim","description":"Live better","publisher":{"@id":"https:\/\/albpastrim.al\/#organization"},"potentialAction":[{"@type":"SearchAction","target":{"@type":"EntryPoint","urlTemplate":"https:\/\/albpastrim.al\/?s={search_term_string}"},"query-input":{"@type":"PropertyValueSpecification","valueRequired":true,"valueName":"search_term_string"}}],"inLanguage":"en-US"},{"@type":"Organization","@id":"https:\/\/albpastrim.al\/#organization","name":"AlbPastrim","url":"https:\/\/albpastrim.al\/","logo":{"@type":"ImageObject","inLanguage":"en-US","@id":"https:\/\/albpastrim.al\/#\/schema\/logo\/image\/","url":"https:\/\/albpastrim.al\/wp-content\/uploads\/2020\/11\/3.png","contentUrl":"https:\/\/albpastrim.al\/wp-content\/uploads\/2020\/11\/3.png","width":212,"height":84,"caption":"AlbPastrim"},"image":{"@id":"https:\/\/albpastrim.al\/#\/schema\/logo\/image\/"},"sameAs":["https:\/\/www.facebook.com\/Albpastrim\/","https:\/\/www.instagram.com\/albpastrim\/","https:\/\/al.linkedin.com\/company\/alb-pastrim"]}]}},"_links":{"self":[{"href":"https:\/\/albpastrim.al\/en\/wp-json\/wp\/v2\/pages\/10044","targetHints":{"allow":["GET"]}}],"collection":[{"href":"https:\/\/albpastrim.al\/en\/wp-json\/wp\/v2\/pages"}],"about":[{"href":"https:\/\/albpastrim.al\/en\/wp-json\/wp\/v2\/types\/page"}],"author":[{"embeddable":true,"href":"https:\/\/albpastrim.al\/en\/wp-json\/wp\/v2\/users\/3"}],"replies":[{"embeddable":true,"href":"https:\/\/albpastrim.al\/en\/wp-json\/wp\/v2\/comments?post=10044"}],"version-history":[{"count":0,"href":"https:\/\/albpastrim.al\/en\/wp-json\/wp\/v2\/pages\/10044\/revisions"}],"wp:attachment":[{"href":"https:\/\/albpastrim.al\/en\/wp-json\/wp\/v2\/media?parent=10044"}],"curies":[{"name":"wp","href":"https:\/\/api.w.org\/{rel}","templated":true}]}}